{"id":30,"date":"2018-12-10T22:58:06","date_gmt":"2018-12-10T21:58:06","guid":{"rendered":"https:\/\/driftinglele.de\/pl\/lynda-page-site-settings\/"},"modified":"2025-12-15T01:39:19","modified_gmt":"2025-12-15T00:39:19","slug":"lynda-page-site-settings","status":"publish","type":"page","link":"https:\/\/driftinglele.de\/pl\/","title":{"rendered":"PL &#8211; DriftingLele"},"content":{"rendered":"<p><a href=\"#scroll-down\"><\/p>\n<p><\/a><\/p>\n<p>Zabierzemy ci\u0119 w pe\u0142n\u0105 akcji podr\u00f3\u017c \u2013 pe\u0142n\u0105 emocji, pora\u017cek i sukces\u00f3w.<br \/>\nNiezale\u017cnie od tego, czy jeste\u015b nowicjuszem w driftingu, czy profesjonalist\u0105: u nas do\u015bwiadczysz<br \/>\nDRIFTLIFE \u2013 BEZ CENSURY!<br \/>\nNa \u017cywo i z bliska podczas krajowych i mi\u0119dzynarodowych wydarze\u0144.<\/p>\n<p>Kim jeste\u015bmy<\/p>\n<p><img decoding=\"async\" src=\"https:\/\/driftinglele.de\/pl\/wp-content\/uploads\/sites\/8\/2018\/12\/Team_DriftingLele_Arthur_Lelonek.jpg\" \/><\/p>\n<p>Arthur Lelonek<\/p>\n<p>CEO<\/p>\n<p>Rok budowy &#8217;87<\/p>\n<p>IT system engineer<\/p>\n<p><img decoding=\"async\" src=\"http:\/\/driftinglele.de\/images\/flags\/dl.png\" \/> <img decoding=\"async\" src=\"http:\/\/driftinglele.de\/images\/flags\/uk.png\" \/> <img decoding=\"async\" src=\"http:\/\/driftinglele.de\/images\/flags\/pl.png\" \/><\/p>\n<p><img decoding=\"async\" src=\"https:\/\/driftinglele.de\/pl\/wp-content\/uploads\/sites\/8\/2018\/12\/Team_DriftingLele_Dimitri_Roth.jpg\" \/><\/p>\n<p>Dimitri Roth<\/p>\n<p>COO<\/p>\n<p>Rok budowy &#8217;90<\/p>\n<p>Automotive engineer<\/p>\n<p><img decoding=\"async\" src=\"http:\/\/driftinglele.de\/images\/flags\/dl.png\" \/> <img decoding=\"async\" src=\"http:\/\/driftinglele.de\/images\/flags\/uk.png\" \/> <img decoding=\"async\" src=\"http:\/\/driftinglele.de\/images\/flags\/rus.png\" \/> <img decoding=\"async\" src=\"http:\/\/driftinglele.de\/images\/flags\/ukr.png\" \/><\/p>\n<p><img decoding=\"async\" src=\"https:\/\/driftinglele.de\/pl\/wp-content\/uploads\/sites\/8\/2020\/11\/be.jpg\" \/><br \/>\n\t\t\t\tNissan 200sx s14a<br \/>\n2JZ-GTE VVTI 3.0L Single Turbo &#8211; 450 PS | 650 Nm<br \/>\nDo modyfikacji nale\u017c\u0105 liczne zmiany w elementach podwozia i uk\u0142adu jezdnego, dyferencja\u0142 wielop\u0142ytkowy oraz pakiet bezpiecze\u0144stwa wed\u0142ug standardu FIA\/DMSB<\/p>\n<p>BNW F36 Ostblockfighter<br \/>\n325i M50b25 &#8211; 192 PS | 245 Nm<br \/>\nSkrzynia bieg\u00f3w: 5-biegowa manualna<br \/>\nPodwozie: ST Suspensions XTA<br \/>\nU\u017cycie w akcji: Pocz\u0105tkuj\u0105cy Drift<\/p>\n<p><img decoding=\"async\" src=\"https:\/\/driftinglele.de\/pl\/wp-content\/uploads\/sites\/8\/2020\/11\/b.jpg\" \/>\t\t\t\t\t\t\t\t<\/p>\n<p><img decoding=\"async\" src=\"https:\/\/driftinglele.de\/pl\/wp-content\/uploads\/sites\/8\/2020\/11\/be-1.jpg\" \/><br \/>\n\t\t\t\tLexus IS 300<br \/>\n2JZ-GE 3.0L &#8211; 222 PS | 308 Nm<br \/>\nSkrzynia bieg\u00f3w: 5-biegowa manualna (Toyota Supra R154)<br \/>\nPodwozie: Thread Street<br \/>\nU\u017cycie w akcji: Pocz\u0105tkuj\u0105cy Drift<\/p>\n<p>DriftSport<br \/>\nCZYM JEST DRIFTING?<\/p>\n<p>Media SPO\u0141ECZNO\u015aCIOWE<br \/>\nJeste\u015bmy w r\u00f3\u017cnych serwisach spo\u0142eczno\u015bciowych i tam piszemy o naszych post\u0119pach, pora\u017ckach i sukcesach.<\/p>\n<p><a href=\"https:\/\/www.instagram.com\/driftinglele\" target=\"_blank\" rel=\"noopener\"><\/a><\/p>\n<p><a href=\"https:\/\/www.instagram.com\/driftinglele\" target=\"_blank\" rel=\"noopener\">Instagram<\/a><br \/>\nInstagram stories umo\u017cliwiaj\u0105 Wam wgl\u0105d na \u017cywo podczas weekend\u00f3w na torze wy\u015bcigowym, przy przebudowach i podczas imprez. Znajdziecie u nas wiele imponuj\u0105cych zdj\u0119\u0107 z udzia\u0142em naszego zespo\u0142u.<\/p>\n<p><a href=\"https:\/\/www.youtube.com\/driftinglele\" target=\"_blank\" rel=\"noopener\"><\/a><\/p>\n<p><a href=\"https:\/\/www.youtube.com\/driftinglele\" target=\"_blank\" rel=\"noopener\">YouTube<\/a><br \/>\nNa YouTube aktywnie wp\u0142ywamy na drift w Niemczech. Poka\u017cemy Ci wyzwania, naszych partner\u00f3w i nasze projekty, kt\u00f3rymi si\u0119 zajmujemy na co dzie\u0144. Mo\u017cesz po prostu ogl\u0105da\u0107 lub uczestniczy\u0107. Po prostu napisz do nas.<\/p>\n","protected":false},"excerpt":{"rendered":"<p class=\"excerpt\">Zabierzemy ci\u0119 w pe\u0142n\u0105 akcji podr\u00f3\u017c \u2013 pe\u0142n\u0105 emocji, pora\u017cek i sukces\u00f3w. Niezale\u017cnie od tego, czy jeste\u015b nowicjuszem w driftingu, czy profesjonalist\u0105: u nas do\u015bwiadczysz DRIFTLIFE \u2013 BEZ CENSURY! Na \u017cywo i z bliska podczas krajowych i mi\u0119dzynarodowych wydarze\u0144. Kim jeste\u015bmy Arthur Lelonek CEO Rok budowy &#8217;87 IT system engineer Dimitri Roth COO Rok budowy [&hellip;]<\/p>\n","protected":false},"author":1,"featured_media":0,"parent":0,"menu_order":0,"comment_status":"closed","ping_status":"closed","template":"builder.php","meta":{"_monsterinsights_skip_tracking":false,"_monsterinsights_sitenote_active":false,"_monsterinsights_sitenote_note":"","_monsterinsights_sitenote_category":0,"footnotes":""},"_links":{"self":[{"href":"https:\/\/driftinglele.de\/pl\/wp-json\/wp\/v2\/pages\/30"}],"collection":[{"href":"https:\/\/driftinglele.de\/pl\/wp-json\/wp\/v2\/pages"}],"about":[{"href":"https:\/\/driftinglele.de\/pl\/wp-json\/wp\/v2\/types\/page"}],"author":[{"embeddable":true,"href":"https:\/\/driftinglele.de\/pl\/wp-json\/wp\/v2\/users\/1"}],"replies":[{"embeddable":true,"href":"https:\/\/driftinglele.de\/pl\/wp-json\/wp\/v2\/comments?post=30"}],"version-history":[{"count":117,"href":"https:\/\/driftinglele.de\/pl\/wp-json\/wp\/v2\/pages\/30\/revisions"}],"predecessor-version":[{"id":449,"href":"https:\/\/driftinglele.de\/pl\/wp-json\/wp\/v2\/pages\/30\/revisions\/449"}],"wp:attachment":[{"href":"https:\/\/driftinglele.de\/pl\/wp-json\/wp\/v2\/media?parent=30"}],"curies":[{"name":"wp","href":"https:\/\/api.w.org\/{rel}","templated":true}]}}